{"id":5876,"date":"2024-08-14T14:52:40","date_gmt":"2024-08-14T18:52:40","guid":{"rendered":"https:\/\/gemba-walk.com\/?page_id=5876"},"modified":"2025-03-18T09:16:37","modified_gmt":"2025-03-18T13:16:37","slug":"notes-de-mise-a-jour","status":"publish","type":"page","link":"https:\/\/gemba-walk.com\/fr\/notes-de-mise-a-jour\/","title":{"rendered":"Notes de mise \u00e0 jour"},"content":{"rendered":"\t\t<div data-elementor-type=\"wp-page\" data-elementor-id=\"5876\" class=\"elementor elementor-5876\" data-elementor-post-type=\"page\">\n\t\t\t\t\t\t<section class=\"elementor-section elementor-top-section elementor-element elementor-element-1c55bf52 elementor-section-height-min-height elementor-section-content-middle elementor-section-boxed elementor-section-height-default elementor-section-items-middle\" data-id=\"1c55bf52\" data-element_type=\"section\" data-e-type=\"section\" data-settings=\"{&quot;background_background&quot;:&quot;classic&quot;}\">\n\t\t\t\t\t\t\t<div class=\"elementor-background-overlay\"><\/div>\n\t\t\t\t\t\t\t<div class=\"elementor-container elementor-column-gap-default\">\n\t\t\t\t\t<div class=\"elementor-column elementor-col-100 elementor-top-column elementor-element elementor-element-5f80e8a5\" data-id=\"5f80e8a5\" data-element_type=\"column\" data-e-type=\"column\">\n\t\t\t<div class=\"elementor-widget-wrap elementor-element-populated\">\n\t\t\t\t\t\t<div class=\"elementor-element elementor-element-ab974c1 elementor-widget elementor-widget-heading\" data-id=\"ab974c1\" data-element_type=\"widget\" data-e-type=\"widget\" data-widget_type=\"heading.default\">\n\t\t\t\t\t<h2 class=\"elementor-heading-title elementor-size-default\">D\u00e9couvrez les derni\u00e8res am\u00e9liorations et nouveaut\u00e9s<\/h2>\t\t\t\t<\/div>\n\t\t\t\t<div class=\"elementor-element elementor-element-6967d9c6 elementor-widget elementor-widget-heading\" data-id=\"6967d9c6\" data-element_type=\"widget\" data-e-type=\"widget\" data-widget_type=\"heading.default\">\n\t\t\t\t\t<h1 class=\"elementor-heading-title elementor-size-default\">Notes de mise \u00e0 jour<\/h1>\t\t\t\t<\/div>\n\t\t\t\t<div class=\"elementor-element elementor-element-d79d4ff elementor-widget elementor-widget-text-editor\" data-id=\"d79d4ff\" data-element_type=\"widget\" data-e-type=\"widget\" data-widget_type=\"text-editor.default\">\n\t\t\t\t\t\t\t\t\t<p style=\"text-align: center;\">Retrouvez ici toutes les mises \u00e0 jour de nos logiciels, avec les nouvelles fonctionnalit\u00e9s, les optimisations et les corrections de bugs. Nous sommes constamment \u00e0 l&rsquo;\u00e9coute de vos besoins pour am\u00e9liorer votre exp\u00e9rience.<\/p>\t\t\t\t\t\t\t\t<\/div>\n\t\t\t\t\t<\/div>\n\t\t<\/div>\n\t\t\t\t\t<\/div>\n\t\t<\/section>\n\t\t\t\t<section class=\"elementor-section elementor-top-section elementor-element elementor-element-06463b7 elementor-section-boxed elementor-section-height-default elementor-section-height-default\" data-id=\"06463b7\" data-element_type=\"section\" data-e-type=\"section\">\n\t\t\t\t\t\t<div class=\"elementor-container elementor-column-gap-default\">\n\t\t\t\t\t<div class=\"elementor-column elementor-col-100 elementor-top-column elementor-element elementor-element-650cd04\" data-id=\"650cd04\" data-element_type=\"column\" data-e-type=\"column\">\n\t\t\t<div class=\"elementor-widget-wrap elementor-element-populated\">\n\t\t\t\t\t\t<div class=\"elementor-element elementor-element-46f93e0 elementor-posts--thumbnail-none elementor-grid-3 elementor-grid-tablet-2 elementor-grid-mobile-1 elementor-card-shadow-yes elementor-posts__hover-gradient elementor-widget elementor-widget-posts\" data-id=\"46f93e0\" data-element_type=\"widget\" data-e-type=\"widget\" data-settings=\"{&quot;pagination_type&quot;:&quot;load_more_infinite_scroll&quot;,&quot;cards_columns&quot;:&quot;3&quot;,&quot;cards_columns_tablet&quot;:&quot;2&quot;,&quot;cards_columns_mobile&quot;:&quot;1&quot;,&quot;cards_row_gap&quot;:{&quot;unit&quot;:&quot;px&quot;,&quot;size&quot;:35,&quot;sizes&quot;:[]},&quot;cards_row_gap_tablet&quot;:{&quot;unit&quot;:&quot;px&quot;,&quot;size&quot;:&quot;&quot;,&quot;sizes&quot;:[]},&quot;cards_row_gap_mobile&quot;:{&quot;unit&quot;:&quot;px&quot;,&quot;size&quot;:&quot;&quot;,&quot;sizes&quot;:[]},&quot;load_more_spinner&quot;:{&quot;value&quot;:&quot;fas fa-spinner&quot;,&quot;library&quot;:&quot;fa-solid&quot;}}\" data-widget_type=\"posts.cards\">\n\t\t\t\t<div class=\"elementor-widget-container\">\n\t\t\t\t\t\t\t<div class=\"elementor-posts-container elementor-posts elementor-posts--skin-cards elementor-grid\" role=\"list\">\n\t\t\t\t<article class=\"elementor-post elementor-grid-item post-7271 note-de-mise-a-jour type-note-de-mise-a-jour status-publish has-post-thumbnail hentry\" role=\"listitem\">\n\t\t\t<div class=\"elementor-post__card\">\n\t\t\t\t<div class=\"elementor-post__text\">\n\t\t\t\t<h3 class=\"elementor-post__title\">\n\t\t\t<a href=\"https:\/\/gemba-walk.com\/fr\/notes-de-mise-a-jour\/nouvelle-version-2026-03-30\/\" >\n\t\t\t\tNouvelle version 2026.03.30\t\t\t<\/a>\n\t\t<\/h3>\n\t\t\t\t<div class=\"elementor-post__excerpt\">\n\t\t\t<p>Nouvelles options de configuration des cartes (validation conditionnelle et longueur des questions), r\u00e8gles de planification des marches avec des p\u00e9riodicit\u00e9s personnalis\u00e9es et corrections.<\/p>\n\t\t<\/div>\n\t\t\t\t\t<div class=\"elementor-post__read-more-wrapper\">\n\t\t\n\t\t<a class=\"elementor-post__read-more\" href=\"https:\/\/gemba-walk.com\/fr\/notes-de-mise-a-jour\/nouvelle-version-2026-03-30\/\" aria-label=\"En savoir plus sur Nouvelle version 2026.03.30\" tabindex=\"-1\" >\n\t\t\tLire la suite \u00bb\t\t<\/a>\n\n\t\t\t\t\t<\/div>\n\t\t\t\t<\/div>\n\t\t\t\t<div class=\"elementor-post__meta-data\">\n\t\t\t\t\t<span class=\"elementor-post-date\">\n\t\t\t25 mars 2026\t\t<\/span>\n\t\t\t\t<\/div>\n\t\t\t\t\t<\/div>\n\t\t<\/article>\n\t\t\t\t<article class=\"elementor-post elementor-grid-item post-7266 note-de-mise-a-jour type-note-de-mise-a-jour status-publish has-post-thumbnail hentry\" role=\"listitem\">\n\t\t\t<div class=\"elementor-post__card\">\n\t\t\t\t<div class=\"elementor-post__text\">\n\t\t\t\t<h3 class=\"elementor-post__title\">\n\t\t\t<a href=\"https:\/\/gemba-walk.com\/fr\/notes-de-mise-a-jour\/nouvelle-version-2026-02-24\/\" >\n\t\t\t\tNouvelle version 2026.02.24\t\t\t<\/a>\n\t\t<\/h3>\n\t\t\t\t<div class=\"elementor-post__excerpt\">\n\t\t\t<p>Le tableau de bord affiche maintenant un nouveau widget de progression, offrant une vue rapide et motivante de l\u2019avancement des marches. De plus, une nouvelle vue calendrier simplifie la planification en pr\u00e9sentant clairement toutes les marches du mois en un seul coup d\u2019\u0153il.<\/p>\n\t\t<\/div>\n\t\t\t\t\t<div class=\"elementor-post__read-more-wrapper\">\n\t\t\n\t\t<a class=\"elementor-post__read-more\" href=\"https:\/\/gemba-walk.com\/fr\/notes-de-mise-a-jour\/nouvelle-version-2026-02-24\/\" aria-label=\"En savoir plus sur Nouvelle version 2026.02.24\" tabindex=\"-1\" >\n\t\t\tLire la suite \u00bb\t\t<\/a>\n\n\t\t\t\t\t<\/div>\n\t\t\t\t<\/div>\n\t\t\t\t<div class=\"elementor-post__meta-data\">\n\t\t\t\t\t<span class=\"elementor-post-date\">\n\t\t\t23 f\u00e9vrier 2026\t\t<\/span>\n\t\t\t\t<\/div>\n\t\t\t\t\t<\/div>\n\t\t<\/article>\n\t\t\t\t<article class=\"elementor-post elementor-grid-item post-6815 note-de-mise-a-jour type-note-de-mise-a-jour status-publish has-post-thumbnail hentry\" role=\"listitem\">\n\t\t\t<div class=\"elementor-post__card\">\n\t\t\t\t<div class=\"elementor-post__text\">\n\t\t\t\t<h3 class=\"elementor-post__title\">\n\t\t\t<a href=\"https:\/\/gemba-walk.com\/fr\/notes-de-mise-a-jour\/nouvelle-version-2025-03-11\/\" >\n\t\t\t\tNouvelle version 2025.03.11\t\t\t<\/a>\n\t\t<\/h3>\n\t\t\t\t<div class=\"elementor-post__excerpt\">\n\t\t\t<p>Les notifications de t\u00e2ches affichent d\u00e9sormais plus d\u2019informations, un compte rendu facilite le suivi des \u00e9ch\u00e9ances, et un popup de bienvenue guide les nouveaux utilisateurs d\u00e8s leur premi\u00e8re connexion. <\/p>\n\t\t<\/div>\n\t\t\t\t\t<div class=\"elementor-post__read-more-wrapper\">\n\t\t\n\t\t<a class=\"elementor-post__read-more\" href=\"https:\/\/gemba-walk.com\/fr\/notes-de-mise-a-jour\/nouvelle-version-2025-03-11\/\" aria-label=\"En savoir plus sur Nouvelle version 2025.03.11\" tabindex=\"-1\" >\n\t\t\tLire la suite \u00bb\t\t<\/a>\n\n\t\t\t\t\t<\/div>\n\t\t\t\t<\/div>\n\t\t\t\t<div class=\"elementor-post__meta-data\">\n\t\t\t\t\t<span class=\"elementor-post-date\">\n\t\t\t6 mars 2025\t\t<\/span>\n\t\t\t\t<\/div>\n\t\t\t\t\t<\/div>\n\t\t<\/article>\n\t\t\t\t<article class=\"elementor-post elementor-grid-item post-6372 note-de-mise-a-jour type-note-de-mise-a-jour status-publish has-post-thumbnail hentry\" role=\"listitem\">\n\t\t\t<div class=\"elementor-post__card\">\n\t\t\t\t<div class=\"elementor-post__text\">\n\t\t\t\t<h3 class=\"elementor-post__title\">\n\t\t\t<a href=\"https:\/\/gemba-walk.com\/fr\/notes-de-mise-a-jour\/nouvelle-version-2024-12-02\/\" >\n\t\t\t\tNouvelle version 2024.12.02\t\t\t<\/a>\n\t\t<\/h3>\n\t\t\t\t<div class=\"elementor-post__excerpt\">\n\t\t\t<p>Nouvel onglet de planification des marches, possibilit\u00e9 de mettre les tourn\u00e9es Gemba-Walk sur pause et ajout du nom du demandeur dans la grille de t\u00e2ches.<\/p>\n\t\t<\/div>\n\t\t\t\t\t<div class=\"elementor-post__read-more-wrapper\">\n\t\t\n\t\t<a class=\"elementor-post__read-more\" href=\"https:\/\/gemba-walk.com\/fr\/notes-de-mise-a-jour\/nouvelle-version-2024-12-02\/\" aria-label=\"En savoir plus sur Nouvelle version 2024.12.02\" tabindex=\"-1\" >\n\t\t\tLire la suite \u00bb\t\t<\/a>\n\n\t\t\t\t\t<\/div>\n\t\t\t\t<\/div>\n\t\t\t\t<div class=\"elementor-post__meta-data\">\n\t\t\t\t\t<span class=\"elementor-post-date\">\n\t\t\t26 novembre 2024\t\t<\/span>\n\t\t\t\t<\/div>\n\t\t\t\t\t<\/div>\n\t\t<\/article>\n\t\t\t\t<article class=\"elementor-post elementor-grid-item post-6263 note-de-mise-a-jour type-note-de-mise-a-jour status-publish has-post-thumbnail hentry\" role=\"listitem\">\n\t\t\t<div class=\"elementor-post__card\">\n\t\t\t\t<div class=\"elementor-post__text\">\n\t\t\t\t<h3 class=\"elementor-post__title\">\n\t\t\t<a href=\"https:\/\/gemba-walk.com\/fr\/notes-de-mise-a-jour\/nouvelle-version-2024-09-04\/\" >\n\t\t\t\tNouvelle version 2024.09.04\t\t\t<\/a>\n\t\t<\/h3>\n\t\t\t\t<div class=\"elementor-post__excerpt\">\n\t\t\t<p>Am\u00e9liorations \u00e0 la page de t\u00e2ches : nouvelle vue simplifi\u00e9e, filtres par priorit\u00e9, assignation, et secteur. Ajouts au tableau de bord et dans l&rsquo;app mobile.<\/p>\n\t\t<\/div>\n\t\t\t\t\t<div class=\"elementor-post__read-more-wrapper\">\n\t\t\n\t\t<a class=\"elementor-post__read-more\" href=\"https:\/\/gemba-walk.com\/fr\/notes-de-mise-a-jour\/nouvelle-version-2024-09-04\/\" aria-label=\"En savoir plus sur Nouvelle version 2024.09.04\" tabindex=\"-1\" >\n\t\t\tLire la suite \u00bb\t\t<\/a>\n\n\t\t\t\t\t<\/div>\n\t\t\t\t<\/div>\n\t\t\t\t<div class=\"elementor-post__meta-data\">\n\t\t\t\t\t<span class=\"elementor-post-date\">\n\t\t\t3 septembre 2024\t\t<\/span>\n\t\t\t\t<\/div>\n\t\t\t\t\t<\/div>\n\t\t<\/article>\n\t\t\t\t<article class=\"elementor-post elementor-grid-item post-6212 note-de-mise-a-jour type-note-de-mise-a-jour status-publish has-post-thumbnail hentry\" role=\"listitem\">\n\t\t\t<div class=\"elementor-post__card\">\n\t\t\t\t<div class=\"elementor-post__text\">\n\t\t\t\t<h3 class=\"elementor-post__title\">\n\t\t\t<a href=\"https:\/\/gemba-walk.com\/fr\/notes-de-mise-a-jour\/nouvelle-version-2024-08-05\/\" >\n\t\t\t\tNouvelle version 2024.08.05\t\t\t<\/a>\n\t\t<\/h3>\n\t\t\t\t<div class=\"elementor-post__excerpt\">\n\t\t\t<p>Gemba-Walk se connecte \u00e0 Maintenance Directe pour synchroniser les donn\u00e9es en temps r\u00e9el, am\u00e9liorant la r\u00e9activit\u00e9 et r\u00e9duisant les temps d&rsquo;arr\u00eat.<\/p>\n\t\t<\/div>\n\t\t\t\t\t<div class=\"elementor-post__read-more-wrapper\">\n\t\t\n\t\t<a class=\"elementor-post__read-more\" href=\"https:\/\/gemba-walk.com\/fr\/notes-de-mise-a-jour\/nouvelle-version-2024-08-05\/\" aria-label=\"En savoir plus sur Nouvelle version 2024.08.05\" tabindex=\"-1\" >\n\t\t\tLire la suite \u00bb\t\t<\/a>\n\n\t\t\t\t\t<\/div>\n\t\t\t\t<\/div>\n\t\t\t\t<div class=\"elementor-post__meta-data\">\n\t\t\t\t\t<span class=\"elementor-post-date\">\n\t\t\t23 ao\u00fbt 2024\t\t<\/span>\n\t\t\t\t<\/div>\n\t\t\t\t\t<\/div>\n\t\t<\/article>\n\t\t\t\t<article class=\"elementor-post elementor-grid-item post-6092 note-de-mise-a-jour type-note-de-mise-a-jour status-publish has-post-thumbnail hentry\" role=\"listitem\">\n\t\t\t<div class=\"elementor-post__card\">\n\t\t\t\t<div class=\"elementor-post__text\">\n\t\t\t\t<h3 class=\"elementor-post__title\">\n\t\t\t<a href=\"https:\/\/gemba-walk.com\/fr\/notes-de-mise-a-jour\/nouvelle-version-2024-02-10\/\" >\n\t\t\t\tNouvelle version 2024.02.10\t\t\t<\/a>\n\t\t<\/h3>\n\t\t\t\t<div class=\"elementor-post__excerpt\">\n\t\t\t<p>Les boutons sont uniformis\u00e9s. Vous pouvez ajouter des Groupes de ressources et les assigner \u00e0 un th\u00e8me, avec un suivi personnalis\u00e9 dans les r\u00e9sultats.<\/p>\n\t\t<\/div>\n\t\t\t\t\t<div class=\"elementor-post__read-more-wrapper\">\n\t\t\n\t\t<a class=\"elementor-post__read-more\" href=\"https:\/\/gemba-walk.com\/fr\/notes-de-mise-a-jour\/nouvelle-version-2024-02-10\/\" aria-label=\"En savoir plus sur Nouvelle version 2024.02.10\" tabindex=\"-1\" >\n\t\t\tLire la suite \u00bb\t\t<\/a>\n\n\t\t\t\t\t<\/div>\n\t\t\t\t<\/div>\n\t\t\t\t<div class=\"elementor-post__meta-data\">\n\t\t\t\t\t<span class=\"elementor-post-date\">\n\t\t\t10 f\u00e9vrier 2024\t\t<\/span>\n\t\t\t\t<\/div>\n\t\t\t\t\t<\/div>\n\t\t<\/article>\n\t\t\t\t<article class=\"elementor-post elementor-grid-item post-6058 note-de-mise-a-jour type-note-de-mise-a-jour status-publish has-post-thumbnail hentry\" role=\"listitem\">\n\t\t\t<div class=\"elementor-post__card\">\n\t\t\t\t<div class=\"elementor-post__text\">\n\t\t\t\t<h3 class=\"elementor-post__title\">\n\t\t\t<a href=\"https:\/\/gemba-walk.com\/fr\/notes-de-mise-a-jour\/nouvelle-version-2024-01-15\/\" >\n\t\t\t\tNouvelle version 2024.01.15\t\t\t<\/a>\n\t\t<\/h3>\n\t\t\t\t<div class=\"elementor-post__excerpt\">\n\t\t\t<p>Les r\u00f4les g\u00e8rent les autorisations de fichiers et photos. Le profil montre les permissions. T\u00e2ches, tol\u00e9rances et widgets sont am\u00e9lior\u00e9s.<\/p>\n\t\t<\/div>\n\t\t\t\t\t<div class=\"elementor-post__read-more-wrapper\">\n\t\t\n\t\t<a class=\"elementor-post__read-more\" href=\"https:\/\/gemba-walk.com\/fr\/notes-de-mise-a-jour\/nouvelle-version-2024-01-15\/\" aria-label=\"En savoir plus sur Nouvelle version 2024.01.15\" tabindex=\"-1\" >\n\t\t\tLire la suite \u00bb\t\t<\/a>\n\n\t\t\t\t\t<\/div>\n\t\t\t\t<\/div>\n\t\t\t\t<div class=\"elementor-post__meta-data\">\n\t\t\t\t\t<span class=\"elementor-post-date\">\n\t\t\t15 janvier 2024\t\t<\/span>\n\t\t\t\t<\/div>\n\t\t\t\t\t<\/div>\n\t\t<\/article>\n\t\t\t\t<article class=\"elementor-post elementor-grid-item post-6023 note-de-mise-a-jour type-note-de-mise-a-jour status-publish has-post-thumbnail hentry\" role=\"listitem\">\n\t\t\t<div class=\"elementor-post__card\">\n\t\t\t\t<div class=\"elementor-post__text\">\n\t\t\t\t<h3 class=\"elementor-post__title\">\n\t\t\t<a href=\"https:\/\/gemba-walk.com\/fr\/notes-de-mise-a-jour\/nouvelle-version-2023-12-04\/\" >\n\t\t\t\tNouvelle version 2023.12.04\t\t\t<\/a>\n\t\t<\/h3>\n\t\t\t\t<div class=\"elementor-post__excerpt\">\n\t\t\t<p>Les r\u00f4les sont plus pr\u00e9cis, et les t\u00e2ches sont maintenant filtrables et accessibles sur mobile. Correctifs pour les champs de t\u00e2ches dans le module mobile.<\/p>\n\t\t<\/div>\n\t\t\t\t\t<div class=\"elementor-post__read-more-wrapper\">\n\t\t\n\t\t<a class=\"elementor-post__read-more\" href=\"https:\/\/gemba-walk.com\/fr\/notes-de-mise-a-jour\/nouvelle-version-2023-12-04\/\" aria-label=\"En savoir plus sur Nouvelle version 2023.12.04\" tabindex=\"-1\" >\n\t\t\tLire la suite \u00bb\t\t<\/a>\n\n\t\t\t\t\t<\/div>\n\t\t\t\t<\/div>\n\t\t\t\t<div class=\"elementor-post__meta-data\">\n\t\t\t\t\t<span class=\"elementor-post-date\">\n\t\t\t4 d\u00e9cembre 2023\t\t<\/span>\n\t\t\t\t<\/div>\n\t\t\t\t\t<\/div>\n\t\t<\/article>\n\t\t\t\t<\/div>\n\t\t\t\t\t<span class=\"e-load-more-spinner\">\n\t\t\t\t<svg aria-hidden=\"true\" class=\"e-font-icon-svg e-fas-spinner\" viewBox=\"0 0 512 512\" xmlns=\"http:\/\/www.w3.org\/2000\/svg\"><path d=\"M304 48c0 26.51-21.49 48-48 48s-48-21.49-48-48 21.49-48 48-48 48 21.49 48 48zm-48 368c-26.51 0-48 21.49-48 48s21.49 48 48 48 48-21.49 48-48-21.49-48-48-48zm208-208c-26.51 0-48 21.49-48 48s21.49 48 48 48 48-21.49 48-48-21.49-48-48-48zM96 256c0-26.51-21.49-48-48-48S0 229.49 0 256s21.49 48 48 48 48-21.49 48-48zm12.922 99.078c-26.51 0-48 21.49-48 48s21.49 48 48 48 48-21.49 48-48c0-26.509-21.491-48-48-48zm294.156 0c-26.51 0-48 21.49-48 48s21.49 48 48 48 48-21.49 48-48c0-26.509-21.49-48-48-48zM108.922 60.922c-26.51 0-48 21.49-48 48s21.49 48 48 48 48-21.49 48-48-21.491-48-48-48z\"><\/path><\/svg>\t\t\t<\/span>\n\t\t\n\t\t\t\t<div class=\"e-load-more-anchor\" data-page=\"1\" data-max-page=\"2\" data-next-page=\"https:\/\/gemba-walk.com\/fr\/wp-json\/wp\/v2\/pages\/5876\/page\/2\/\"><\/div>\n\t\t\t\t<div class=\"e-load-more-message\"><\/div>\n\t\t\t\t\t\t<\/div>\n\t\t\t\t<\/div>\n\t\t\t\t\t<\/div>\n\t\t<\/div>\n\t\t\t\t\t<\/div>\n\t\t<\/section>\n\t\t\t\t<\/div>\n\t\t","protected":false},"excerpt":{"rendered":"<p>D\u00e9couvrez les derni\u00e8res am\u00e9liorations et nouveaut\u00e9s Notes de mise \u00e0 jour Retrouvez ici toutes les mises \u00e0 jour de nos logiciels, avec les nouvelles fonctionnalit\u00e9s, les optimisations et les corrections de bugs. Nous sommes constamment \u00e0 l&rsquo;\u00e9coute de vos besoins pour am\u00e9liorer votre exp\u00e9rience.<\/p>\n","protected":false},"author":3,"featured_media":4055,"parent":0,"menu_order":0,"comment_status":"closed","ping_status":"closed","template":"","meta":{"_acf_changed":false,"content-type":"","om_disable_all_campaigns":false,"_monsterinsights_skip_tracking":false,"_monsterinsights_sitenote_active":false,"_monsterinsights_sitenote_note":"","_monsterinsights_sitenote_category":0,"footnotes":""},"class_list":["post-5876","page","type-page","status-publish","has-post-thumbnail","hentry"],"acf":[],"aioseo_notices":[],"_links":{"self":[{"href":"https:\/\/gemba-walk.com\/fr\/wp-json\/wp\/v2\/pages\/5876","targetHints":{"allow":["GET"]}}],"collection":[{"href":"https:\/\/gemba-walk.com\/fr\/wp-json\/wp\/v2\/pages"}],"about":[{"href":"https:\/\/gemba-walk.com\/fr\/wp-json\/wp\/v2\/types\/page"}],"author":[{"embeddable":true,"href":"https:\/\/gemba-walk.com\/fr\/wp-json\/wp\/v2\/users\/3"}],"replies":[{"embeddable":true,"href":"https:\/\/gemba-walk.com\/fr\/wp-json\/wp\/v2\/comments?post=5876"}],"version-history":[{"count":16,"href":"https:\/\/gemba-walk.com\/fr\/wp-json\/wp\/v2\/pages\/5876\/revisions"}],"predecessor-version":[{"id":6989,"href":"https:\/\/gemba-walk.com\/fr\/wp-json\/wp\/v2\/pages\/5876\/revisions\/6989"}],"wp:featuredmedia":[{"embeddable":true,"href":"https:\/\/gemba-walk.com\/fr\/wp-json\/wp\/v2\/media\/4055"}],"wp:attachment":[{"href":"https:\/\/gemba-walk.com\/fr\/wp-json\/wp\/v2\/media?parent=5876"}],"curies":[{"name":"wp","href":"https:\/\/api.w.org\/{rel}","templated":true}]}}